{"id":6264,"date":"2024-11-03T17:16:12","date_gmt":"2024-11-03T17:16:12","guid":{"rendered":"https:\/\/226lab.com\/?page_id=6264"},"modified":"2024-11-03T17:17:30","modified_gmt":"2024-11-03T17:17:30","slug":"photo-and-video-production","status":"publish","type":"page","link":"https:\/\/226lab.com\/it\/produzione-fotografica-e-video","title":{"rendered":"Produzione di foto e video"},"content":{"rendered":"<div data-elementor-type=\"wp-page\" data-elementor-id=\"6264\" class=\"elementor elementor-6264\" data-elementor-post-type=\"page\">\n\t\t\t\t<div class=\"elementor-element elementor-element-4bb78ca4 e-flex e-con-boxed e-con e-parent\" data-id=\"4bb78ca4\" data-element_type=\"container\" data-settings=\"{&quot;background_background&quot;:&quot;classic&quot;}\">\n\t\t\t\t\t<div class=\"e-con-inner\">\n\t\t\t\t<div class=\"elementor-element elementor-element-233b5a14 elementor-invisible elementor-widget elementor-widget-heading\" data-id=\"233b5a14\" data-element_type=\"widget\" data-settings=\"{&quot;_animation&quot;:&quot;fadeIn&quot;}\" data-widget_type=\"heading.default\">\n\t\t\t\t<div class=\"elementor-widget-container\">\n\t\t\t<h2 class=\"elementor-heading-title elementor-size-default\">Produzione di foto e video<\/h2>\t\t<\/div>\n\t\t\t\t<\/div>\n\t\t\t\t<div class=\"elementor-element elementor-element-27909b1f elementor-icon-list--layout-inline elementor-align-center elementor-list-item-link-full_width elementor-invisible elementor-widget elementor-widget-icon-list\" data-id=\"27909b1f\" data-element_type=\"widget\" data-settings=\"{&quot;_animation&quot;:&quot;fadeIn&quot;,&quot;_animation_delay&quot;:200}\" data-widget_type=\"icon-list.default\">\n\t\t\t\t<div class=\"elementor-widget-container\">\n\t\t\t\t\t<ul class=\"elementor-icon-list-items elementor-inline-items\">\n\t\t\t\t\t\t\t<li class=\"elementor-icon-list-item elementor-inline-item\">\n\t\t\t\t\t\t\t\t\t\t\t<a href=\"#\">\n\n\t\t\t\t\t\t\t\t\t\t\t<span class=\"elementor-icon-list-text\">Home<\/span>\n\t\t\t\t\t\t\t\t\t\t\t<\/a>\n\t\t\t\t\t\t\t\t\t<\/li>\n\t\t\t\t\t\t\t\t<li class=\"elementor-icon-list-item elementor-inline-item\">\n\t\t\t\t\t\t\t\t\t\t\t<span class=\"elementor-icon-list-icon\">\n\t\t\t\t\t\t\t<i aria-hidden=\"true\" class=\"icon icon-right-arrow\"><\/i>\t\t\t\t\t\t<\/span>\n\t\t\t\t\t\t\t\t\t\t<span class=\"elementor-icon-list-text\">Servizi<\/span>\n\t\t\t\t\t\t\t\t\t<\/li>\n\t\t\t\t\t\t<\/ul>\n\t\t\t\t<\/div>\n\t\t\t\t<\/div>\n\t\t<div class=\"elementor-element elementor-element-2d771f62 e-con-full e-flex elementor-invisible e-con e-child\" data-id=\"2d771f62\" data-element_type=\"container\" data-settings=\"{&quot;background_background&quot;:&quot;classic&quot;,&quot;animation&quot;:&quot;fadeIn&quot;,&quot;animation_delay&quot;:400}\">\n\t\t\t\t<div class=\"elementor-element elementor-element-701b645d elementor-widget-divider--view-line elementor-widget elementor-widget-divider\" data-id=\"701b645d\" data-element_type=\"widget\" data-widget_type=\"divider.default\">\n\t\t\t\t<div class=\"elementor-widget-container\">\n\t\t\t\t\t<div class=\"elementor-divider\">\n\t\t\t<span class=\"elementor-divider-separator\">\n\t\t\t\t\t\t<\/span>\n\t\t<\/div>\n\t\t\t\t<\/div>\n\t\t\t\t<\/div>\n\t\t\t\t<\/div>\n\t\t\t\t\t<\/div>\n\t\t\t\t<\/div>\n\t\t<div class=\"elementor-element elementor-element-74581adf e-flex e-con-boxed e-con e-parent\" data-id=\"74581adf\" data-element_type=\"container\">\n\t\t\t\t\t<div class=\"e-con-inner\">\n\t\t<div class=\"elementor-element elementor-element-4d23da7 e-flex e-con-boxed e-con e-child\" data-id=\"4d23da7\" data-element_type=\"container\">\n\t\t\t\t\t<div class=\"e-con-inner\">\n\t\t\t\t<div class=\"elementor-element elementor-element-5679b4f4 elementor-widget__width-inherit elementor-invisible elementor-widget elementor-widget-text-editor\" data-id=\"5679b4f4\" data-element_type=\"widget\" data-settings=\"{&quot;_animation&quot;:&quot;fadeIn&quot;}\" data-widget_type=\"text-editor.default\">\n\t\t\t\t<div class=\"elementor-widget-container\">\n\t\t\t\t\t\t\t<p>Il nostro servizio<\/p>\t\t\t\t\t\t<\/div>\n\t\t\t\t<\/div>\n\t\t\t\t<div class=\"elementor-element elementor-element-1ef0b058 elementor-invisible elementor-widget elementor-widget-heading\" data-id=\"1ef0b058\" data-element_type=\"widget\" data-settings=\"{&quot;_animation&quot;:&quot;fadeIn&quot;,&quot;_animation_delay&quot;:200}\" data-widget_type=\"heading.default\">\n\t\t\t\t<div class=\"elementor-widget-container\">\n\t\t\t<h2 class=\"elementor-heading-title elementor-size-default\">Contenuti visivi coinvolgenti che conquistano il pubblico\n\n\n<\/h2>\t\t<\/div>\n\t\t\t\t<\/div>\n\t\t\t\t<div class=\"elementor-element elementor-element-6f3df189 elementor-invisible elementor-widget elementor-widget-text-editor\" data-id=\"6f3df189\" data-element_type=\"widget\" data-settings=\"{&quot;_animation&quot;:&quot;fadeIn&quot;,&quot;_animation_delay&quot;:400}\" data-widget_type=\"text-editor.default\">\n\t\t\t\t<div class=\"elementor-widget-container\">\n\t\t\t\t\t\t\t<p>Quando si tratta di comunicare la storia del tuo marchio online, i contenuti scritti convincenti sono solo un pezzo del puzzle. Essendo creature visive, le persone sono naturalmente attratte dalle immagini; in pochi secondi, i contenuti visivi possono creare una prima impressione potente che il testo da solo non pu\u00f2 ottenere.<\/p><p>Per anni, <strong>226Lab<\/strong> ha offerto un team dedicato di creatori di contenuti con esperienza nella fotografia di moda e commerciale in tutta Milano. Nell'ultimo decennio, abbiamo ampliato la nostra offerta per includere servizi completi di <strong>fotografia e produzione video<\/strong>, aiutando i marchi a coinvolgere il pubblico e a stimolare la crescita.<\/p><p>Dalla produzione alla post-produzione, il nostro team gestisce ogni aspetto della creazione di foto e video di alta qualit\u00e0, garantendo alla tua azienda un'immagine curata e professionale.<\/p><p><br \/><strong>Tecnologia d'avanguardia per immagini eccezionali<\/strong><\/p><p>La qualit\u00e0 \u00e8 al centro di tutto ci\u00f2 che facciamo. In <strong>226Lab<\/strong>, ci affidiamo a tecnologie avanzate e ad attrezzature di livello professionale per garantire risultati eccezionali ai nostri clienti. Il nostro impegno per l'eccellenza assicura che ogni progetto soddisfi i pi\u00f9 alti standard di produzione fotografica e video.<\/p><p><strong>Fotografia professionale per ogni esigenza aziendale<\/strong><\/p><p>Una presenza visiva professionale \u00e8 essenziale per il successo aziendale a lungo termine e la fotografia gioca un ruolo fondamentale nella percezione del tuo marchio da parte dei potenziali clienti. Immagini fresche e di alta qualit\u00e0 del tuo team, del tuo ufficio, dei tuoi prodotti e servizi aumentano la credibilit\u00e0 e aiutano gli utenti a trovare rapidamente le informazioni di cui hanno bisogno.<\/p><p>\u00a0<\/p>\t\t\t\t\t\t<\/div>\n\t\t\t\t<\/div>\n\t\t\t\t\t<\/div>\n\t\t\t\t<\/div>\n\t\t<div class=\"elementor-element elementor-element-3712ec46 e-flex e-con-boxed e-con e-child\" data-id=\"3712ec46\" data-element_type=\"container\">\n\t\t\t\t\t<div class=\"e-con-inner\">\n\t\t<div class=\"elementor-element elementor-element-7d1596b e-con-full e-flex elementor-invisible e-con e-child\" data-id=\"7d1596b\" data-element_type=\"container\" data-settings=\"{&quot;background_background&quot;:&quot;classic&quot;,&quot;animation&quot;:&quot;fadeIn&quot;}\">\n\t\t\t\t<div class=\"elementor-element elementor-element-ccc3244 elementor-widget elementor-widget-heading\" data-id=\"ccc3244\" data-element_type=\"widget\" data-widget_type=\"heading.default\">\n\t\t\t\t<div class=\"elementor-widget-container\">\n\t\t\t<h2 class=\"elementor-heading-title elementor-size-default\">226Lab offre una gamma di servizi fotografici su misura per le tue esigenze:\n\n\n<\/h2>\t\t<\/div>\n\t\t\t\t<\/div>\n\t\t<div class=\"elementor-element elementor-element-0badb3a e-con-full e-flex e-con e-child\" data-id=\"0badb3a\" data-element_type=\"container\">\n\t\t<div class=\"elementor-element elementor-element-7ee2754 e-grid e-con-full e-con e-child\" data-id=\"7ee2754\" data-element_type=\"container\">\n\t\t\t\t<div class=\"elementor-element elementor-element-d0f5aa1 elementor-widget elementor-widget-text-editor\" data-id=\"d0f5aa1\" data-element_type=\"widget\" data-widget_type=\"text-editor.default\">\n\t\t\t\t<div class=\"elementor-widget-container\">\n\t\t\t\t\t\t\t<ul><li><strong>Fotografia di eventi speciali<\/strong>: Cattura momenti memorabili con immagini di alta qualit\u00e0 di eventi aziendali, lanci di prodotti e altre occasioni importanti.<\/li><li><strong>Foto dell'ufficio e del team<\/strong>: Mostra le persone che stanno dietro alla tua attivit\u00e0 con foto professionali del tuo staff e del tuo spazio di lavoro, creando fiducia e trasparenza con il tuo pubblico.<\/li><li><strong>Scatti di prodotti e stili di vita<\/strong>: Dare vita ai tuoi prodotti o servizi attraverso fotografie di lifestyle che aiutino i clienti a immaginare come possono beneficiare di ci\u00f2 che offri.<\/li><\/ul>\t\t\t\t\t\t<\/div>\n\t\t\t\t<\/div>\n\t\t\t\t<\/div>\n\t\t\t\t<\/div>\n\t\t\t\t<\/div>\n\t\t\t\t<div class=\"elementor-element elementor-element-6ba5fad1 elementor-invisible elementor-widget elementor-widget-text-editor\" data-id=\"6ba5fad1\" data-element_type=\"widget\" data-settings=\"{&quot;_animation&quot;:&quot;fadeIn&quot;}\" data-widget_type=\"text-editor.default\">\n\t\t\t\t<div class=\"elementor-widget-container\">\n\t\t\t\t\t\t\t<p>Se hai bisogno di una libreria fotografica aggiornata, di una copertura per un evento imminente o di un rebranding visivo completo, il nostro team di fotografi di <strong>226Lab<\/strong> \u00e8 qui per catturare i dettagli che fanno risaltare il tuo marchio.<\/p><p>Lascia che ti aiutiamo a creare un'impressione duratura attraverso contenuti visivi potenti, che stimolano il coinvolgimento e supportano la crescita del tuo marchio.<\/p>\t\t\t\t\t\t<\/div>\n\t\t\t\t<\/div>\n\t\t\t\t\t<\/div>\n\t\t\t\t<\/div>\n\t\t\t\t\t<\/div>\n\t\t\t\t<\/div>\n\t\t\t\t<\/div>","protected":false},"excerpt":{"rendered":"<p>Photo and Video Production Home Services Our Service Engaging Visual Content That Captivates Your Audience When it comes to communicating your brand story online, compelling written content is just one piece of the puzzle. As visual creatures, people are naturally drawn to images first; within seconds, visual content can create a powerful first impression that [&hellip;]<\/p>","protected":false},"author":1,"featured_media":0,"parent":0,"menu_order":0,"comment_status":"closed","ping_status":"closed","template":"elementor_header_footer","meta":{"om_disable_all_campaigns":false,"_monsterinsights_skip_tracking":false,"_monsterinsights_sitenote_active":false,"_monsterinsights_sitenote_note":"","_monsterinsights_sitenote_category":0,"footnotes":""},"class_list":["post-6264","page","type-page","status-publish","hentry"],"aioseo_notices":[],"_links":{"self":[{"href":"https:\/\/226lab.com\/it\/wp-json\/wp\/v2\/pages\/6264","targetHints":{"allow":["GET"]}}],"collection":[{"href":"https:\/\/226lab.com\/it\/wp-json\/wp\/v2\/pages"}],"about":[{"href":"https:\/\/226lab.com\/it\/wp-json\/wp\/v2\/types\/page"}],"author":[{"embeddable":true,"href":"https:\/\/226lab.com\/it\/wp-json\/wp\/v2\/users\/1"}],"replies":[{"embeddable":true,"href":"https:\/\/226lab.com\/it\/wp-json\/wp\/v2\/comments?post=6264"}],"version-history":[{"count":4,"href":"https:\/\/226lab.com\/it\/wp-json\/wp\/v2\/pages\/6264\/revisions"}],"predecessor-version":[{"id":6269,"href":"https:\/\/226lab.com\/it\/wp-json\/wp\/v2\/pages\/6264\/revisions\/6269"}],"wp:attachment":[{"href":"https:\/\/226lab.com\/it\/wp-json\/wp\/v2\/media?parent=6264"}],"curies":[{"name":"wp","href":"https:\/\/api.w.org\/{rel}","templated":true}]}}