{"id":6254,"date":"2024-11-03T17:02:40","date_gmt":"2024-11-03T17:02:40","guid":{"rendered":"https:\/\/226lab.com\/?page_id=6254"},"modified":"2025-07-11T12:28:21","modified_gmt":"2025-07-11T12:28:21","slug":"branding","status":"publish","type":"page","link":"https:\/\/226lab.com\/it\/branding","title":{"rendered":"Branding"},"content":{"rendered":"<div data-elementor-type=\"wp-page\" data-elementor-id=\"6254\" class=\"elementor elementor-6254\" data-elementor-post-type=\"page\">\n\t\t\t\t<div class=\"elementor-element elementor-element-4bb78ca4 e-flex e-con-boxed e-con e-parent\" data-id=\"4bb78ca4\" data-element_type=\"container\" data-settings=\"{&quot;background_background&quot;:&quot;classic&quot;}\">\n\t\t\t\t\t<div class=\"e-con-inner\">\n\t\t\t\t<div class=\"elementor-element elementor-element-233b5a14 elementor-invisible elementor-widget elementor-widget-heading\" data-id=\"233b5a14\" data-element_type=\"widget\" data-settings=\"{&quot;_animation&quot;:&quot;fadeIn&quot;}\" data-widget_type=\"heading.default\">\n\t\t\t\t<div class=\"elementor-widget-container\">\n\t\t\t<h2 class=\"elementor-heading-title elementor-size-default\">Branding<\/h2>\t\t<\/div>\n\t\t\t\t<\/div>\n\t\t\t\t<div class=\"elementor-element elementor-element-27909b1f elementor-icon-list--layout-inline elementor-align-center elementor-list-item-link-full_width elementor-invisible elementor-widget elementor-widget-icon-list\" data-id=\"27909b1f\" data-element_type=\"widget\" data-settings=\"{&quot;_animation&quot;:&quot;fadeIn&quot;,&quot;_animation_delay&quot;:200}\" data-widget_type=\"icon-list.default\">\n\t\t\t\t<div class=\"elementor-widget-container\">\n\t\t\t\t\t<ul class=\"elementor-icon-list-items elementor-inline-items\">\n\t\t\t\t\t\t\t<li class=\"elementor-icon-list-item elementor-inline-item\">\n\t\t\t\t\t\t\t\t\t\t\t<a href=\"#\">\n\n\t\t\t\t\t\t\t\t\t\t\t<span class=\"elementor-icon-list-text\">Home<\/span>\n\t\t\t\t\t\t\t\t\t\t\t<\/a>\n\t\t\t\t\t\t\t\t\t<\/li>\n\t\t\t\t\t\t\t\t<li class=\"elementor-icon-list-item elementor-inline-item\">\n\t\t\t\t\t\t\t\t\t\t\t<span class=\"elementor-icon-list-icon\">\n\t\t\t\t\t\t\t<i aria-hidden=\"true\" class=\"icon icon-right-arrow\"><\/i>\t\t\t\t\t\t<\/span>\n\t\t\t\t\t\t\t\t\t\t<span class=\"elementor-icon-list-text\">Servizi<\/span>\n\t\t\t\t\t\t\t\t\t<\/li>\n\t\t\t\t\t\t<\/ul>\n\t\t\t\t<\/div>\n\t\t\t\t<\/div>\n\t\t<div class=\"elementor-element elementor-element-2d771f62 e-con-full e-flex elementor-invisible e-con e-child\" data-id=\"2d771f62\" data-element_type=\"container\" data-settings=\"{&quot;background_background&quot;:&quot;classic&quot;,&quot;animation&quot;:&quot;fadeIn&quot;,&quot;animation_delay&quot;:400}\">\n\t\t\t\t<div class=\"elementor-element elementor-element-701b645d elementor-widget-divider--view-line elementor-widget elementor-widget-divider\" data-id=\"701b645d\" data-element_type=\"widget\" data-widget_type=\"divider.default\">\n\t\t\t\t<div class=\"elementor-widget-container\">\n\t\t\t\t\t<div class=\"elementor-divider\">\n\t\t\t<span class=\"elementor-divider-separator\">\n\t\t\t\t\t\t<\/span>\n\t\t<\/div>\n\t\t\t\t<\/div>\n\t\t\t\t<\/div>\n\t\t\t\t<\/div>\n\t\t\t\t\t<\/div>\n\t\t\t\t<\/div>\n\t\t<div class=\"elementor-element elementor-element-74581adf e-flex e-con-boxed e-con e-parent\" data-id=\"74581adf\" data-element_type=\"container\">\n\t\t\t\t\t<div class=\"e-con-inner\">\n\t\t<div class=\"elementor-element elementor-element-4d23da7 e-flex e-con-boxed e-con e-child\" data-id=\"4d23da7\" data-element_type=\"container\">\n\t\t\t\t\t<div class=\"e-con-inner\">\n\t\t\t\t<div class=\"elementor-element elementor-element-5679b4f4 elementor-widget__width-inherit elementor-invisible elementor-widget elementor-widget-text-editor\" data-id=\"5679b4f4\" data-element_type=\"widget\" data-settings=\"{&quot;_animation&quot;:&quot;fadeIn&quot;}\" data-widget_type=\"text-editor.default\">\n\t\t\t\t<div class=\"elementor-widget-container\">\n\t\t\t\t\t\t\t<p>Il nostro servizio<\/p>\t\t\t\t\t\t<\/div>\n\t\t\t\t<\/div>\n\t\t\t\t<div class=\"elementor-element elementor-element-1ef0b058 elementor-invisible elementor-widget elementor-widget-heading\" data-id=\"1ef0b058\" data-element_type=\"widget\" data-settings=\"{&quot;_animation&quot;:&quot;fadeIn&quot;,&quot;_animation_delay&quot;:200}\" data-widget_type=\"heading.default\">\n\t\t\t\t<div class=\"elementor-widget-container\">\n\t\t\t<h2 class=\"elementor-heading-title elementor-size-default\">Dal concetto all'identit\u00e0:<br>\nIl viaggio del tuo brand\n<\/h2>\t\t<\/div>\n\t\t\t\t<\/div>\n\t\t\t\t<div class=\"elementor-element elementor-element-6f3df189 elementor-invisible elementor-widget elementor-widget-text-editor\" data-id=\"6f3df189\" data-element_type=\"widget\" data-settings=\"{&quot;_animation&quot;:&quot;fadeIn&quot;,&quot;_animation_delay&quot;:400}\" data-widget_type=\"text-editor.default\">\n\t\t\t\t<div class=\"elementor-widget-container\">\n\t\t\t\t\t\t\t<p>Noi di 226Lab Creative Agency crediamo che un marchio forte sia la pietra miliare di una strategia aziendale di successo.<\/p><p>I nostri servizi completi di branding e strategia sono pensati per aiutarti a\u00a0<strong>definire, perfezionare e comunicare efficacemente il tuo marchio<\/strong>, assicurando che risuoni con il tuo pubblico di riferimento e si distingua in un mercato affollato.<\/p><p>I nostri servizi di esperti nella progettazione di loghi, ricerche di mercato, analisi del marchio e identit\u00e0 aziendale sono personalizzati per soddisfare le tue esigenze uniche, portando\u00a0<em><strong>crescita e successo<\/strong><\/em>.<\/p><p>Scopri come i nostri servizi completi di branding e strategia possono spingere il tuo marchio verso nuovi traguardi.<\/p>\t\t\t\t\t\t<\/div>\n\t\t\t\t<\/div>\n\t\t\t\t\t<\/div>\n\t\t\t\t<\/div>\n\t\t<div class=\"elementor-element elementor-element-3712ec46 e-flex e-con-boxed e-con e-child\" data-id=\"3712ec46\" data-element_type=\"container\">\n\t\t\t\t\t<div class=\"e-con-inner\">\n\t\t<div class=\"elementor-element elementor-element-7d1596b e-con-full e-flex elementor-invisible e-con e-child\" data-id=\"7d1596b\" data-element_type=\"container\" data-settings=\"{&quot;background_background&quot;:&quot;classic&quot;,&quot;animation&quot;:&quot;fadeIn&quot;}\">\n\t\t\t\t<div class=\"elementor-element elementor-element-ccc3244 elementor-widget elementor-widget-heading\" data-id=\"ccc3244\" data-element_type=\"widget\" data-widget_type=\"heading.default\">\n\t\t\t\t<div class=\"elementor-widget-container\">\n\t\t\t<h2 class=\"elementor-heading-title elementor-size-default\">La tua nuova storia\n<\/h2>\t\t<\/div>\n\t\t\t\t<\/div>\n\t\t<div class=\"elementor-element elementor-element-0badb3a e-con-full e-flex e-con e-child\" data-id=\"0badb3a\" data-element_type=\"container\">\n\t\t\t\t<div class=\"elementor-element elementor-element-1fd2fd1 elementor-widget elementor-widget-text-editor\" data-id=\"1fd2fd1\" data-element_type=\"widget\" data-widget_type=\"text-editor.default\">\n\t\t\t\t<div class=\"elementor-widget-container\">\n\t\t\t\t\t\t\t<p>Una storia di marca ben realizzata \u00e8 il cuore della tua strategia di branding. Va oltre la mera presentazione dei tuoi prodotti o servizi, tessendo una narrazione che si connette emotivamente con il tuo pubblico.<\/p><p><strong>La storia del tuo marchio deve riflettere i tuoi valori, la tua missione e la tua visione, creando un'impressione significativa e memorabile.<\/strong><\/p><p>Una forte storia del marchio aiuta a differenziarsi dalla concorrenza,\u00a0<strong>costruisce la fiducia e promuove la fedelt\u00e0 dei tuoi clienti.<\/strong><\/p><p>\u00c8 la base su cui si fondano tutti gli altri elementi del branding, guidando il messaggio e il posizionamento sul mercato.<\/p>\t\t\t\t\t\t<\/div>\n\t\t\t\t<\/div>\n\t\t\t\t<\/div>\n\t\t\t\t<\/div>\n\t\t\t\t<div class=\"elementor-element elementor-element-6355b5e elementor-invisible elementor-widget elementor-widget-heading\" data-id=\"6355b5e\" data-element_type=\"widget\" data-settings=\"{&quot;_animation&quot;:&quot;fadeIn&quot;}\" data-widget_type=\"heading.default\">\n\t\t\t\t<div class=\"elementor-widget-container\">\n\t\t\t<h3 class=\"elementor-heading-title elementor-size-default\">La tua nuova identit\u00e0\n<\/h3>\t\t<\/div>\n\t\t\t\t<\/div>\n\t\t\t\t<div class=\"elementor-element elementor-element-6ba5fad1 elementor-invisible elementor-widget elementor-widget-text-editor\" data-id=\"6ba5fad1\" data-element_type=\"widget\" data-settings=\"{&quot;_animation&quot;:&quot;fadeIn&quot;}\" data-widget_type=\"text-editor.default\">\n\t\t\t\t<div class=\"elementor-widget-container\">\n\t\t\t\t\t\t\t<p>L'identit\u00e0 visiva \u00e8 la prima cosa che le persone notano del tuo marchio, quindi \u00e8 un aspetto cruciale della tua strategia di branding. Comprende\u00a0<strong>tutti gli elementi visivi, compresi il logo, la tavolozza dei colori, la tipografia e lo stile generale del design.<\/strong>\u00a0Un'identit\u00e0 visiva coesa e ben progettata garantisce la coerenza su tutte le piattaforme,\u00a0<strong>rafforzare l'immagine del tuo marchio<\/strong>\u00a0e rendendolo facilmente riconoscibile. Non solo migliora l'estetica, ma ne comunica anche la personalit\u00e0 e i valori.<\/p><p>Una forte identit\u00e0 visiva aiuta a creare un\u00a0<strong>impressione duratura<\/strong>\u00a0e stabilisce un rapporto professionale e\u00a0<strong>affidabile<\/strong>\u00a0presenza nella mente del tuo pubblico.<\/p>\t\t\t\t\t\t<\/div>\n\t\t\t\t<\/div>\n\t\t\t\t<div class=\"elementor-element elementor-element-fa4554b elementor-invisible elementor-widget elementor-widget-heading\" data-id=\"fa4554b\" data-element_type=\"widget\" data-settings=\"{&quot;_animation&quot;:&quot;fadeIn&quot;}\" data-widget_type=\"heading.default\">\n\t\t\t\t<div class=\"elementor-widget-container\">\n\t\t\t<h3 class=\"elementor-heading-title elementor-size-default\">Il nostro processo di branding<\/h3>\t\t<\/div>\n\t\t\t\t<\/div>\n\t\t\t\t<div class=\"elementor-element elementor-element-4d7e307 elementor-invisible elementor-widget elementor-widget-text-editor\" data-id=\"4d7e307\" data-element_type=\"widget\" data-settings=\"{&quot;_animation&quot;:&quot;fadeIn&quot;}\" data-widget_type=\"text-editor.default\">\n\t\t\t\t<div class=\"elementor-widget-container\">\n\t\t\t\t\t\t\t<p>Il nostro obiettivo \u00e8 definire, per la tua azienda, un'identit\u00e0 riconoscibile e credibile, attraverso una strategia di marca personalizzata e strutturata in una serie di punti chiave:<\/p><ol><li><b>Analisi dell'identit\u00e0 aziendale e delle aspettative,\u00a0<\/b>per comprendere appieno l'azienda e costruire un marchio coerente;<\/li><li><b>Analisi della concorrenza,\u00a0<\/b>identificare i propri punti di forza e proiettarli nell'immagine aziendale;<\/li><li><b>Definizione del carattere del marchio,\u00a0<\/b>cio\u00e8 l'insieme delle caratteristiche che contraddistinguono un marchio;<\/li><li><b>Architettura del marchio,\u00a0<\/b>per sviluppare una comunicazione in linea con la tua Corporate Identity;<\/li><li><b>Ideazione e progettazione grafica del logo,\u00a0<\/b>adattabile a diversi contesti aziendali (brochure, biglietti da visita, sito, gadget, ecc.);<\/li><li><b>Analisi del colore e studio del lettering,\u00a0<\/b>questi sono i passi essenziali per costruire una solida identit\u00e0;<\/li><li><b>Restyling e rebranding,\u00a0<\/b>intervenire su loghi e IC esistenti con piccoli aggiustamenti e adattamenti ai nuovi contesti.<\/li><\/ol>\t\t\t\t\t\t<\/div>\n\t\t\t\t<\/div>\n\t\t\t\t\t<\/div>\n\t\t\t\t<\/div>\n\t\t\t\t\t<\/div>\n\t\t\t\t<\/div>\n\t\t\t\t<\/div>","protected":false},"excerpt":{"rendered":"<p>Branding Home Servizi Il nostro servizio Dal concetto all'identit\u00e0: Il viaggio del vostro marchio Noi di 226Lab Creative Agency crediamo che un marchio forte sia la pietra angolare di una strategia aziendale di successo. I nostri servizi completi di branding e strategia sono pensati per aiutarvi a definire, perfezionare e comunicare efficacemente il vostro marchio, assicurandovi che risuoni con il vostro pubblico di riferimento e [...]<\/p>","protected":false},"author":1,"featured_media":0,"parent":0,"menu_order":0,"comment_status":"closed","ping_status":"closed","template":"elementor_header_footer","meta":{"om_disable_all_campaigns":false,"_monsterinsights_skip_tracking":false,"_monsterinsights_sitenote_active":false,"_monsterinsights_sitenote_note":"","_monsterinsights_sitenote_category":0,"footnotes":""},"class_list":["post-6254","page","type-page","status-publish","hentry"],"aioseo_notices":[],"_links":{"self":[{"href":"https:\/\/226lab.com\/it\/wp-json\/wp\/v2\/pages\/6254","targetHints":{"allow":["GET"]}}],"collection":[{"href":"https:\/\/226lab.com\/it\/wp-json\/wp\/v2\/pages"}],"about":[{"href":"https:\/\/226lab.com\/it\/wp-json\/wp\/v2\/types\/page"}],"author":[{"embeddable":true,"href":"https:\/\/226lab.com\/it\/wp-json\/wp\/v2\/users\/1"}],"replies":[{"embeddable":true,"href":"https:\/\/226lab.com\/it\/wp-json\/wp\/v2\/comments?post=6254"}],"version-history":[{"count":10,"href":"https:\/\/226lab.com\/it\/wp-json\/wp\/v2\/pages\/6254\/revisions"}],"predecessor-version":[{"id":7578,"href":"https:\/\/226lab.com\/it\/wp-json\/wp\/v2\/pages\/6254\/revisions\/7578"}],"wp:attachment":[{"href":"https:\/\/226lab.com\/it\/wp-json\/wp\/v2\/media?parent=6254"}],"curies":[{"name":"wp","href":"https:\/\/api.w.org\/{rel}","templated":true}]}}