{"id":6247,"date":"2024-11-03T16:56:07","date_gmt":"2024-11-03T16:56:07","guid":{"rendered":"https:\/\/226lab.com\/?page_id=6247"},"modified":"2025-07-11T12:14:39","modified_gmt":"2025-07-11T12:14:39","slug":"graphic-design","status":"publish","type":"page","link":"https:\/\/226lab.com\/it\/design-grafico","title":{"rendered":"Graphic Design"},"content":{"rendered":"<div data-elementor-type=\"wp-page\" data-elementor-id=\"6247\" class=\"elementor elementor-6247\" data-elementor-post-type=\"page\">\n\t\t\t\t<div class=\"elementor-element elementor-element-4bb78ca4 e-flex e-con-boxed e-con e-parent\" data-id=\"4bb78ca4\" data-element_type=\"container\" data-settings=\"{&quot;background_background&quot;:&quot;classic&quot;}\">\n\t\t\t\t\t<div class=\"e-con-inner\">\n\t\t\t\t<div class=\"elementor-element elementor-element-233b5a14 elementor-invisible elementor-widget elementor-widget-heading\" data-id=\"233b5a14\" data-element_type=\"widget\" data-settings=\"{&quot;_animation&quot;:&quot;fadeIn&quot;}\" data-widget_type=\"heading.default\">\n\t\t\t\t<div class=\"elementor-widget-container\">\n\t\t\t<h2 class=\"elementor-heading-title elementor-size-default\">Graphic Design<\/h2>\t\t<\/div>\n\t\t\t\t<\/div>\n\t\t\t\t<div class=\"elementor-element elementor-element-27909b1f elementor-icon-list--layout-inline elementor-align-center elementor-list-item-link-full_width elementor-invisible elementor-widget elementor-widget-icon-list\" data-id=\"27909b1f\" data-element_type=\"widget\" data-settings=\"{&quot;_animation&quot;:&quot;fadeIn&quot;,&quot;_animation_delay&quot;:200}\" data-widget_type=\"icon-list.default\">\n\t\t\t\t<div class=\"elementor-widget-container\">\n\t\t\t\t\t<ul class=\"elementor-icon-list-items elementor-inline-items\">\n\t\t\t\t\t\t\t<li class=\"elementor-icon-list-item elementor-inline-item\">\n\t\t\t\t\t\t\t\t\t\t\t<a href=\"#\">\n\n\t\t\t\t\t\t\t\t\t\t\t<span class=\"elementor-icon-list-text\">Home<\/span>\n\t\t\t\t\t\t\t\t\t\t\t<\/a>\n\t\t\t\t\t\t\t\t\t<\/li>\n\t\t\t\t\t\t\t\t<li class=\"elementor-icon-list-item elementor-inline-item\">\n\t\t\t\t\t\t\t\t\t\t\t<span class=\"elementor-icon-list-icon\">\n\t\t\t\t\t\t\t<i aria-hidden=\"true\" class=\"icon icon-right-arrow\"><\/i>\t\t\t\t\t\t<\/span>\n\t\t\t\t\t\t\t\t\t\t<span class=\"elementor-icon-list-text\">Servizi<\/span>\n\t\t\t\t\t\t\t\t\t<\/li>\n\t\t\t\t\t\t<\/ul>\n\t\t\t\t<\/div>\n\t\t\t\t<\/div>\n\t\t<div class=\"elementor-element elementor-element-2d771f62 e-con-full e-flex elementor-invisible e-con e-child\" data-id=\"2d771f62\" data-element_type=\"container\" data-settings=\"{&quot;background_background&quot;:&quot;classic&quot;,&quot;animation&quot;:&quot;fadeIn&quot;,&quot;animation_delay&quot;:400}\">\n\t\t\t\t<div class=\"elementor-element elementor-element-701b645d elementor-widget-divider--view-line elementor-widget elementor-widget-divider\" data-id=\"701b645d\" data-element_type=\"widget\" data-widget_type=\"divider.default\">\n\t\t\t\t<div class=\"elementor-widget-container\">\n\t\t\t\t\t<div class=\"elementor-divider\">\n\t\t\t<span class=\"elementor-divider-separator\">\n\t\t\t\t\t\t<\/span>\n\t\t<\/div>\n\t\t\t\t<\/div>\n\t\t\t\t<\/div>\n\t\t\t\t<\/div>\n\t\t\t\t\t<\/div>\n\t\t\t\t<\/div>\n\t\t<div class=\"elementor-element elementor-element-74581adf e-flex e-con-boxed e-con e-parent\" data-id=\"74581adf\" data-element_type=\"container\">\n\t\t\t\t\t<div class=\"e-con-inner\">\n\t\t<div class=\"elementor-element elementor-element-4d23da7 e-flex e-con-boxed e-con e-child\" data-id=\"4d23da7\" data-element_type=\"container\">\n\t\t\t\t\t<div class=\"e-con-inner\">\n\t\t\t\t<div class=\"elementor-element elementor-element-5679b4f4 elementor-widget__width-inherit elementor-invisible elementor-widget elementor-widget-text-editor\" data-id=\"5679b4f4\" data-element_type=\"widget\" data-settings=\"{&quot;_animation&quot;:&quot;fadeIn&quot;}\" data-widget_type=\"text-editor.default\">\n\t\t\t\t<div class=\"elementor-widget-container\">\n\t\t\t\t\t\t\t<p>Il nostro servizio<\/p>\t\t\t\t\t\t<\/div>\n\t\t\t\t<\/div>\n\t\t\t\t<div class=\"elementor-element elementor-element-1ef0b058 elementor-invisible elementor-widget elementor-widget-heading\" data-id=\"1ef0b058\" data-element_type=\"widget\" data-settings=\"{&quot;_animation&quot;:&quot;fadeIn&quot;,&quot;_animation_delay&quot;:200}\" data-widget_type=\"heading.default\">\n\t\t\t\t<div class=\"elementor-widget-container\">\n\t\t\t<h2 class=\"elementor-heading-title elementor-size-default\">Creare identit\u00e0 visive che parlano\n\n<\/h2>\t\t<\/div>\n\t\t\t\t<\/div>\n\t\t\t\t<div class=\"elementor-element elementor-element-6f3df189 elementor-invisible elementor-widget elementor-widget-text-editor\" data-id=\"6f3df189\" data-element_type=\"widget\" data-settings=\"{&quot;_animation&quot;:&quot;fadeIn&quot;,&quot;_animation_delay&quot;:400}\" data-widget_type=\"text-editor.default\">\n\t\t\t\t<div class=\"elementor-widget-container\">\n\t\t\t\t\t\t\t<p class=\"translation-block\">In 226Lab, il graphic design non \u00e8 solo estetica, ma \u00e8 la creazione di un\u2019identit\u00e0 visiva coinvolgente e coerente, capace di entrare in sintonia con il tuo pubblico e rafforzare il tuo brand. Che tu voglia rinnovare l\u2019immagine del tuo marchio o sviluppare un nuovo linguaggio visivo, il nostro team di designer qualificati lavora a stretto contatto con te per tradurre i valori della tua attivit\u00e0 in grafiche potenti e memorabili.<\/p><p><strong>Il nostro approccio al design grafico<\/strong><\/p><p>Crediamo che un grande design inizi con una profonda comprensione del tuo marchio. Ogni progetto inizia con una consulenza approfondita per scoprire ci\u00f2 che rende unica la tua attivit\u00e0. Da l\u00ec, il nostro team creativo si immerge nella ricerca e nel brainstorming per creare concetti visivi che siano in linea con il tuo messaggio e si rivolgano al tuo pubblico di riferimento.<\/p>\t\t\t\t\t\t<\/div>\n\t\t\t\t<\/div>\n\t\t\t\t\t<\/div>\n\t\t\t\t<\/div>\n\t\t<div class=\"elementor-element elementor-element-3712ec46 e-flex e-con-boxed e-con e-child\" data-id=\"3712ec46\" data-element_type=\"container\">\n\t\t\t\t\t<div class=\"e-con-inner\">\n\t\t<div class=\"elementor-element elementor-element-7d1596b e-con-full e-flex elementor-invisible e-con e-child\" data-id=\"7d1596b\" data-element_type=\"container\" data-settings=\"{&quot;background_background&quot;:&quot;classic&quot;,&quot;animation&quot;:&quot;fadeIn&quot;}\">\n\t\t\t\t<div class=\"elementor-element elementor-element-ccc3244 elementor-widget elementor-widget-heading\" data-id=\"ccc3244\" data-element_type=\"widget\" data-widget_type=\"heading.default\">\n\t\t\t\t<div class=\"elementor-widget-container\">\n\t\t\t<h2 class=\"elementor-heading-title elementor-size-default\">I nostri servizi di progettazione grafica\n\n<\/h2>\t\t<\/div>\n\t\t\t\t<\/div>\n\t\t<div class=\"elementor-element elementor-element-0badb3a e-con-full e-flex e-con e-child\" data-id=\"0badb3a\" data-element_type=\"container\">\n\t\t<div class=\"elementor-element elementor-element-7ee2754 e-grid e-con-full e-con e-child\" data-id=\"7ee2754\" data-element_type=\"container\">\n\t\t\t\t<div class=\"elementor-element elementor-element-d0f5aa1 elementor-widget elementor-widget-text-editor\" data-id=\"d0f5aa1\" data-element_type=\"widget\" data-widget_type=\"text-editor.default\">\n\t\t\t\t<div class=\"elementor-widget-container\">\n\t\t\t\t\t\t\t<ul><li><p><strong>Design del logo e identit\u00e0 del marchio<\/strong><br \/>Il tuo logo \u00e8 il volto della tua azienda e noi progettiamo loghi che siano d'impatto, versatili e senza tempo. I nostri servizi di brand identity assicurano che ogni elemento visivo, dalle palette di colori alla tipografia, funzioni insieme per creare un marchio coerente e riconoscibile.<\/p><\/li><li><p><strong>Materiale di marketing<\/strong><br \/>Dai biglietti da visita alle brochure, dalle confezioni dei prodotti ai poster, progettiamo materiali di marketing di alta qualit\u00e0 che fanno risaltare il tuo marchio in qualsiasi formato. I nostri progetti sono studiati per attirare l'attenzione e comunicare efficacemente il tuo messaggio, sia in formato cartaceo che digitale.<\/p><\/li><li><p><strong>Media sociali e grafica digitale<\/strong><br \/>Nel mondo digitale, la coerenza e la qualit\u00e0 dei contenuti visivi sono essenziali. Progettiamo grafiche per i social media, banner e annunci ottimizzati per il coinvolgimento e in linea con l'estetica del tuo marchio. Ogni progetto \u00e8 realizzato per attirare l'attenzione, aumentare il coinvolgimento e rafforzare la tua presenza online.<\/p><\/li><\/ul>\t\t\t\t\t\t<\/div>\n\t\t\t\t<\/div>\n\t\t\t\t<div class=\"elementor-element elementor-element-b01dfc8 elementor-widget elementor-widget-text-editor\" data-id=\"b01dfc8\" data-element_type=\"widget\" data-widget_type=\"text-editor.default\">\n\t\t\t\t<div class=\"elementor-widget-container\">\n\t\t\t\t\t\t\t<ul><li><p><strong>Grafica di siti web e app<\/strong><br \/>L'esperienza visiva di un sito web o di un'app \u00e8 fondamentale per creare fiducia negli utenti. Progettiamo grafica web, icone ed elementi UI personalizzati che migliorano l'usabilit\u00e0 e lasciano un'impressione duratura.<\/p><\/li><li><p><strong>Illustrazioni e infografiche personalizzate<\/strong><br \/>Quando devi spiegare idee complesse o dare un tocco unico al tuo marchio, il nostro team crea illustrazioni e infografiche personalizzate che rendono il tuo messaggio chiaro, memorabile e visivamente coinvolgente.<\/p><\/li><li><strong>Design di stampa<\/strong><br \/>I materiali di stampa di alta qualit\u00e0 lasciano un'impressione duratura. I nostri servizi di design di stampa coprono tutto, dai volantini ai manifesti, dai cataloghi alla segnaletica su larga scala. Ci assicuriamo che ogni progetto di stampa sia in linea con l'identit\u00e0 del tuo marchio e offra una qualit\u00e0 eccezionale, utilizzando layout e finiture che catturino l'attenzione e coinvolgano il pubblico. Che si tratti di articoli in scala ridotta o di stampe di grande formato, ci occupiamo di ogni dettaglio per rendere il tuo marchio memorabile in qualsiasi contesto.<\/li><\/ul>\t\t\t\t\t\t<\/div>\n\t\t\t\t<\/div>\n\t\t\t\t<\/div>\n\t\t\t\t<\/div>\n\t\t\t\t<\/div>\n\t\t\t\t<div class=\"elementor-element elementor-element-6355b5e elementor-invisible elementor-widget elementor-widget-heading\" data-id=\"6355b5e\" data-element_type=\"widget\" data-settings=\"{&quot;_animation&quot;:&quot;fadeIn&quot;}\" data-widget_type=\"heading.default\">\n\t\t\t\t<div class=\"elementor-widget-container\">\n\t\t\t<h3 class=\"elementor-heading-title elementor-size-default\"><p><strong>Perch\u00e9 scegliere 226Lab per la progettazione grafica?<\/strong><\/p><\/h3>\t\t<\/div>\n\t\t\t\t<\/div>\n\t\t\t\t<div class=\"elementor-element elementor-element-6ba5fad1 elementor-invisible elementor-widget elementor-widget-text-editor\" data-id=\"6ba5fad1\" data-element_type=\"widget\" data-settings=\"{&quot;_animation&quot;:&quot;fadeIn&quot;}\" data-widget_type=\"text-editor.default\">\n\t\t\t\t<div class=\"elementor-widget-container\">\n\t\t\t\t\t\t\t<ul><li><strong>Approccio centrato sul marchio<\/strong>: Ogni design \u00e8 personalizzato per riflettere la personalit\u00e0 e gli obiettivi del tuo marchio, garantendo la coerenza su tutti i canali.<\/li><li><strong>Attenzione ai dettagli<\/strong>: Siamo appassionati di dettagli, dalle scelte cromatiche alla tipografia, in modo che ogni elemento del design abbia uno scopo e contribuisca al quadro generale.<\/li><li><strong>Collaborazione e flessibilit\u00e0<\/strong>: Lavoriamo con te in ogni fase, dall'ideazione al completamento, per garantire che il prodotto finale sia in linea con la tua visione e i tuoi obiettivi.<\/li><\/ul>\t\t\t\t\t\t<\/div>\n\t\t\t\t<\/div>\n\t\t\t\t<div class=\"elementor-element elementor-element-1d242ec elementor-widget-divider--view-line elementor-widget elementor-widget-divider\" data-id=\"1d242ec\" data-element_type=\"widget\" data-widget_type=\"divider.default\">\n\t\t\t\t<div class=\"elementor-widget-container\">\n\t\t\t\t\t<div class=\"elementor-divider\">\n\t\t\t<span class=\"elementor-divider-separator\">\n\t\t\t\t\t\t<\/span>\n\t\t<\/div>\n\t\t\t\t<\/div>\n\t\t\t\t<\/div>\n\t\t\t\t<div class=\"elementor-element elementor-element-cd4ad33 elementor-invisible elementor-widget elementor-widget-text-editor\" data-id=\"cd4ad33\" data-element_type=\"widget\" data-settings=\"{&quot;_animation&quot;:&quot;fadeIn&quot;}\" data-widget_type=\"text-editor.default\">\n\t\t\t\t<div class=\"elementor-widget-container\">\n\t\t\t\t\t\t\t<p><strong>Siete pronti a dare vita al vostro marchio?<\/strong><br \/>Creiamo immagini che non solo catturano l'attenzione, ma raccontano anche la tua storia. Contatta <strong>226Lab<\/strong> per iniziare il tuo viaggio nella grafica e rendere il tuo marchio indimenticabile.<\/p>\t\t\t\t\t\t<\/div>\n\t\t\t\t<\/div>\n\t\t\t\t\t<\/div>\n\t\t\t\t<\/div>\n\t\t\t\t\t<\/div>\n\t\t\t\t<\/div>\n\t\t\t\t<\/div>","protected":false},"excerpt":{"rendered":"<p>Graphic Design Home Services Our Service Crafting Visual Identities that Speak At 226Lab, graphic design is more than just aesthetics\u2014it\u2019s about creating a compelling, cohesive visual identity that resonates with your audience and strengthens your brand. Whether you\u2019re looking to refresh your brand\u2019s look or develop a new visual language, our team of skilled designers [&hellip;]<\/p>","protected":false},"author":1,"featured_media":0,"parent":0,"menu_order":0,"comment_status":"closed","ping_status":"closed","template":"elementor_header_footer","meta":{"om_disable_all_campaigns":false,"_monsterinsights_skip_tracking":false,"_monsterinsights_sitenote_active":false,"_monsterinsights_sitenote_note":"","_monsterinsights_sitenote_category":0,"footnotes":""},"class_list":["post-6247","page","type-page","status-publish","hentry"],"aioseo_notices":[],"_links":{"self":[{"href":"https:\/\/226lab.com\/it\/wp-json\/wp\/v2\/pages\/6247","targetHints":{"allow":["GET"]}}],"collection":[{"href":"https:\/\/226lab.com\/it\/wp-json\/wp\/v2\/pages"}],"about":[{"href":"https:\/\/226lab.com\/it\/wp-json\/wp\/v2\/types\/page"}],"author":[{"embeddable":true,"href":"https:\/\/226lab.com\/it\/wp-json\/wp\/v2\/users\/1"}],"replies":[{"embeddable":true,"href":"https:\/\/226lab.com\/it\/wp-json\/wp\/v2\/comments?post=6247"}],"version-history":[{"count":13,"href":"https:\/\/226lab.com\/it\/wp-json\/wp\/v2\/pages\/6247\/revisions"}],"predecessor-version":[{"id":7572,"href":"https:\/\/226lab.com\/it\/wp-json\/wp\/v2\/pages\/6247\/revisions\/7572"}],"wp:attachment":[{"href":"https:\/\/226lab.com\/it\/wp-json\/wp\/v2\/media?parent=6247"}],"curies":[{"name":"wp","href":"https:\/\/api.w.org\/{rel}","templated":true}]}}