{"id":6241,"date":"2024-11-03T16:54:52","date_gmt":"2024-11-03T16:54:52","guid":{"rendered":"https:\/\/226lab.com\/?page_id=6241"},"modified":"2025-07-11T12:00:18","modified_gmt":"2025-07-11T12:00:18","slug":"website-and-app-development","status":"publish","type":"page","link":"https:\/\/226lab.com\/it\/sviluppo-di-siti-web-e-app","title":{"rendered":"Sviluppo di siti web e app"},"content":{"rendered":"<div data-elementor-type=\"wp-page\" data-elementor-id=\"6241\" class=\"elementor elementor-6241\" data-elementor-post-type=\"page\">\n\t\t\t\t<div class=\"elementor-element elementor-element-4bb78ca4 e-flex e-con-boxed e-con e-parent\" data-id=\"4bb78ca4\" data-element_type=\"container\" data-settings=\"{&quot;background_background&quot;:&quot;classic&quot;}\">\n\t\t\t\t\t<div class=\"e-con-inner\">\n\t\t\t\t<div class=\"elementor-element elementor-element-233b5a14 elementor-invisible elementor-widget elementor-widget-heading\" data-id=\"233b5a14\" data-element_type=\"widget\" data-settings=\"{&quot;_animation&quot;:&quot;fadeIn&quot;}\" data-widget_type=\"heading.default\">\n\t\t\t\t<div class=\"elementor-widget-container\">\n\t\t\t<h2 class=\"elementor-heading-title elementor-size-default\">Sviluppo di siti web e app\n<\/h2>\t\t<\/div>\n\t\t\t\t<\/div>\n\t\t\t\t<div class=\"elementor-element elementor-element-27909b1f elementor-icon-list--layout-inline elementor-align-center elementor-list-item-link-full_width elementor-invisible elementor-widget elementor-widget-icon-list\" data-id=\"27909b1f\" data-element_type=\"widget\" data-settings=\"{&quot;_animation&quot;:&quot;fadeIn&quot;,&quot;_animation_delay&quot;:200}\" data-widget_type=\"icon-list.default\">\n\t\t\t\t<div class=\"elementor-widget-container\">\n\t\t\t\t\t<ul class=\"elementor-icon-list-items elementor-inline-items\">\n\t\t\t\t\t\t\t<li class=\"elementor-icon-list-item elementor-inline-item\">\n\t\t\t\t\t\t\t\t\t\t\t<a href=\"#\">\n\n\t\t\t\t\t\t\t\t\t\t\t<span class=\"elementor-icon-list-text\">Home<\/span>\n\t\t\t\t\t\t\t\t\t\t\t<\/a>\n\t\t\t\t\t\t\t\t\t<\/li>\n\t\t\t\t\t\t\t\t<li class=\"elementor-icon-list-item elementor-inline-item\">\n\t\t\t\t\t\t\t\t\t\t\t<span class=\"elementor-icon-list-icon\">\n\t\t\t\t\t\t\t<i aria-hidden=\"true\" class=\"icon icon-right-arrow\"><\/i>\t\t\t\t\t\t<\/span>\n\t\t\t\t\t\t\t\t\t\t<span class=\"elementor-icon-list-text\">Servizi<\/span>\n\t\t\t\t\t\t\t\t\t<\/li>\n\t\t\t\t\t\t<\/ul>\n\t\t\t\t<\/div>\n\t\t\t\t<\/div>\n\t\t<div class=\"elementor-element elementor-element-2d771f62 e-con-full e-flex elementor-invisible e-con e-child\" data-id=\"2d771f62\" data-element_type=\"container\" data-settings=\"{&quot;background_background&quot;:&quot;classic&quot;,&quot;animation&quot;:&quot;fadeIn&quot;,&quot;animation_delay&quot;:400}\">\n\t\t\t\t<div class=\"elementor-element elementor-element-701b645d elementor-widget-divider--view-line elementor-widget elementor-widget-divider\" data-id=\"701b645d\" data-element_type=\"widget\" data-widget_type=\"divider.default\">\n\t\t\t\t<div class=\"elementor-widget-container\">\n\t\t\t\t\t<div class=\"elementor-divider\">\n\t\t\t<span class=\"elementor-divider-separator\">\n\t\t\t\t\t\t<\/span>\n\t\t<\/div>\n\t\t\t\t<\/div>\n\t\t\t\t<\/div>\n\t\t\t\t<\/div>\n\t\t\t\t\t<\/div>\n\t\t\t\t<\/div>\n\t\t<div class=\"elementor-element elementor-element-74581adf e-flex e-con-boxed e-con e-parent\" data-id=\"74581adf\" data-element_type=\"container\">\n\t\t\t\t\t<div class=\"e-con-inner\">\n\t\t<div class=\"elementor-element elementor-element-4d23da7 e-flex e-con-boxed e-con e-child\" data-id=\"4d23da7\" data-element_type=\"container\">\n\t\t\t\t\t<div class=\"e-con-inner\">\n\t\t\t\t<div class=\"elementor-element elementor-element-5679b4f4 elementor-widget__width-inherit elementor-invisible elementor-widget elementor-widget-text-editor\" data-id=\"5679b4f4\" data-element_type=\"widget\" data-settings=\"{&quot;_animation&quot;:&quot;fadeIn&quot;}\" data-widget_type=\"text-editor.default\">\n\t\t\t\t<div class=\"elementor-widget-container\">\n\t\t\t\t\t\t\t<p>Il nostro servizio<\/p>\t\t\t\t\t\t<\/div>\n\t\t\t\t<\/div>\n\t\t\t\t<div class=\"elementor-element elementor-element-1ef0b058 elementor-invisible elementor-widget elementor-widget-heading\" data-id=\"1ef0b058\" data-element_type=\"widget\" data-settings=\"{&quot;_animation&quot;:&quot;fadeIn&quot;,&quot;_animation_delay&quot;:200}\" data-widget_type=\"heading.default\">\n\t\t\t\t<div class=\"elementor-widget-container\">\n\t\t\t<h2 class=\"elementor-heading-title elementor-size-default\">Costruiamo il futuro della tua azienda\n<\/h2>\t\t<\/div>\n\t\t\t\t<\/div>\n\t\t\t\t<div class=\"elementor-element elementor-element-6f3df189 elementor-invisible elementor-widget elementor-widget-text-editor\" data-id=\"6f3df189\" data-element_type=\"widget\" data-settings=\"{&quot;_animation&quot;:&quot;fadeIn&quot;,&quot;_animation_delay&quot;:400}\" data-widget_type=\"text-editor.default\">\n\t\t\t\t<div class=\"elementor-widget-container\">\n\t\t\t\t\t\t\t<p class=\"translation-block\">In 226Lab, ci impegniamo a creare siti web eleganti, intuitivi e perfettamente ottimizzati per ogni dispositivo, dai desktop agli smartphone. Il tuo sito web \u00e8 una componente essenziale per il successo della tua attivit\u00e0 e della tua strategia di marketing digitale, e il nostro obiettivo \u00e8 portarlo al massimo delle sue potenzialit\u00e0.<\/p><p>Il nostro processo \u00e8 semplice ed efficace. Iniziamo con una consulenza per capire cosa rende unica la tua attivit\u00e0, assicurandoci di catturare l'essenza del tuo marchio. Il nostro team di esperti designer UI\/UX e artisti grafici trasforma poi questa visione in un'interfaccia di sito web personalizzata, moderna e SEO-friendly, pronta per i dispositivi mobili e scalabile per crescere insieme alla tua attivit\u00e0.<\/p><p><strong>Design reattivo e soluzioni di e-commerce<\/strong><br \/>Ogni sito web che progettiamo utilizza un layout reattivo che si adatta perfettamente a qualsiasi dispositivo. Per l'e-commerce, offriamo soluzioni complete che consentono alle aziende di tracciare le vendite, monitorare la fidelizzazione dei clienti e gestire le impostazioni del CMS. Il nostro meticoloso processo di programmazione garantisce qualit\u00e0 e accuratezza in ogni dettaglio.<\/p><p><br \/><strong>Risultati guidati dalla tecnologia<\/strong><br \/>Raggiungete il successo con lo sviluppo di siti web e app di alta qualit\u00e0.<\/p><p class=\"translation-block\">Da <strong>226Lab<\/strong>, progettiamo e sviluppiamo siti web funzionali e su misura per le esigenze della tua attivit\u00e0. Ma non ci fermiamo qui. Come agenzia creativa a 360 gradi, supportiamo la tua crescita con campagne online e offline, creazione di contenuti, video corporate e spot pubblicitari. Dall\u2019inizio alla fine, gestiamo ogni dettaglio del tuo progetto, garantendo risultati in linea con la tua visione e i tuoi obiettivi. La tua soddisfazione guida il nostro lavoro, e ci impegniamo per l\u2019eccellenza in ogni fase.<\/p>\t\t\t\t\t\t<\/div>\n\t\t\t\t<\/div>\n\t\t\t\t\t<\/div>\n\t\t\t\t<\/div>\n\t\t<div class=\"elementor-element elementor-element-3712ec46 e-flex e-con-boxed e-con e-child\" data-id=\"3712ec46\" data-element_type=\"container\">\n\t\t\t\t\t<div class=\"e-con-inner\">\n\t\t<div class=\"elementor-element elementor-element-7d1596b e-con-full e-flex elementor-invisible e-con e-child\" data-id=\"7d1596b\" data-element_type=\"container\" data-settings=\"{&quot;background_background&quot;:&quot;classic&quot;,&quot;animation&quot;:&quot;fadeIn&quot;}\">\n\t\t\t\t<div class=\"elementor-element elementor-element-ccc3244 elementor-widget elementor-widget-heading\" data-id=\"ccc3244\" data-element_type=\"widget\" data-widget_type=\"heading.default\">\n\t\t\t\t<div class=\"elementor-widget-container\">\n\t\t\t<h2 class=\"elementor-heading-title elementor-size-default\">Il nostro processo di sviluppo<\/h2>\t\t<\/div>\n\t\t\t\t<\/div>\n\t\t\t\t<div class=\"elementor-element elementor-element-117a9247 elementor-widget elementor-widget-text-editor\" data-id=\"117a9247\" data-element_type=\"widget\" data-widget_type=\"text-editor.default\">\n\t\t\t\t<div class=\"elementor-widget-container\">\n\t\t\t\t\t\t\t<p>Le nostre soluzioni multicanale sono progettate per garantire che il tuo investimento produca il massimo rendimento, sviluppando campagne che coprono tutte le piattaforme essenziali. Questo garantisce uno sviluppo completo della pipeline e una perfetta integrazione dei tuoi sforzi di marketing. Ecco come sfruttiamo ogni piattaforma per favorire la crescita del tuo business:<\/p>\t\t\t\t\t\t<\/div>\n\t\t\t\t<\/div>\n\t\t<div class=\"elementor-element elementor-element-0badb3a e-con-full e-flex e-con e-child\" data-id=\"0badb3a\" data-element_type=\"container\">\n\t\t<div class=\"elementor-element elementor-element-7ee2754 e-grid e-con-full e-con e-child\" data-id=\"7ee2754\" data-element_type=\"container\">\n\t\t\t\t<div class=\"elementor-element elementor-element-acdd552 elementor-widget elementor-widget-text-editor\" data-id=\"acdd552\" data-element_type=\"widget\" data-widget_type=\"text-editor.default\">\n\t\t\t\t<div class=\"elementor-widget-container\">\n\t\t\t\t\t\t\t<p><strong>1. Pianificazione<\/strong>: Iniziamo comprendendo gli obiettivi aziendali, il pubblico di riferimento e i requisiti. Questa fase comprende la ricerca, l'analisi dei concorrenti e la creazione di un piano di progetto dettagliato.<\/p><p><strong>2. Progettazione e prototipo<\/strong>: I nostri designer creano wireframe e mockup per visualizzare la struttura e il design del sito web. Lavoriamo a stretto contatto con te per perfezionare questi progetti fino a quando non soddisfano le tue aspettative.<\/p><p><strong>3. Sviluppo<\/strong>: Una volta approvato il progetto, i nostri sviluppatori lo realizzano utilizzando le tecnologie e gli standard di codifica pi\u00f9 recenti. Ci assicuriamo che il sito web sia completamente funzionale, reattivo e ottimizzato per le prestazioni.<\/p>\t\t\t\t\t\t<\/div>\n\t\t\t\t<\/div>\n\t\t\t\t<div class=\"elementor-element elementor-element-32ae9cc elementor-widget elementor-widget-text-editor\" data-id=\"32ae9cc\" data-element_type=\"widget\" data-widget_type=\"text-editor.default\">\n\t\t\t\t<div class=\"elementor-widget-container\">\n\t\t\t\t\t\t\t<p><strong>4. Integrazione dei contenuti<\/strong>: Integriamo i tuoi contenuti, compresi testi, immagini, video e altri media. Il nostro team si assicura che i contenuti siano presentati in modo da migliorare il coinvolgimento degli utenti e sostenere i tuoi obiettivi di marketing.<\/p><p><strong>5. Test e garanzia di qualit\u00e0<\/strong>: Prima del lancio, testiamo rigorosamente il sito web su diversi browser, dispositivi e dimensioni dello schermo per garantire che sia privo di bug e che funzioni bene. Questo include test di funzionalit\u00e0, usabilit\u00e0 e sicurezza.<\/p><p><strong>6. Lancio e ottimizzazione<\/strong>: Dopo un test approfondito e le approvazioni finali, lanciamo il sito web. Dopo il lancio, monitoriamo le prestazioni e apportiamo le modifiche necessarie per ottimizzare la velocit\u00e0, la sicurezza e l'esperienza dell'utente.<\/p>\t\t\t\t\t\t<\/div>\n\t\t\t\t<\/div>\n\t\t\t\t<\/div>\n\t\t\t\t<\/div>\n\t\t\t\t<\/div>\n\t\t<div class=\"elementor-element elementor-element-cb2a8fb e-grid e-con-full e-con e-child\" data-id=\"cb2a8fb\" data-element_type=\"container\">\n\t\t\t\t<div class=\"elementor-element elementor-element-c5eeafc elementor-widget elementor-widget-text-editor\" data-id=\"c5eeafc\" data-element_type=\"widget\" data-widget_type=\"text-editor.default\">\n\t\t\t\t<div class=\"elementor-widget-container\">\n\t\t\t\t\t\t\t<p><strong>Linguaggi di programmazione<\/strong>:<\/p><ul><li><strong>HTML5<\/strong>: Per creare contenuti web strutturati e semantici.<\/li><li><strong>CSS3<\/strong>: Per progettare layout web reattivi e visivamente accattivanti.<\/li><li><strong>JavaScript<\/strong>: Per interfacce utente dinamiche e interattive.<\/li><li><strong>PHP<\/strong>: Per un robusto scripting lato server e per lo sviluppo back-end.<\/li><li><strong>Pitone<\/strong>: Per applicazioni web complesse e soluzioni basate sui dati.<\/li><\/ul>\t\t\t\t\t\t<\/div>\n\t\t\t\t<\/div>\n\t\t\t\t<div class=\"elementor-element elementor-element-929c6d3 elementor-widget elementor-widget-text-editor\" data-id=\"929c6d3\" data-element_type=\"widget\" data-widget_type=\"text-editor.default\">\n\t\t\t\t<div class=\"elementor-widget-container\">\n\t\t\t\t\t\t\t<p><strong>Quadri e librerie<\/strong>:<\/p><ul><li><strong>React.js<\/strong>: Per la creazione di applicazioni ad alte prestazioni a pagina singola.<\/li><li><strong>Angolare<\/strong>: Per applicazioni web scalabili e di livello aziendale.<\/li><li><strong>Vue.js<\/strong>: Per uno sviluppo front-end flessibile e progressivo.<\/li><li><strong>Laravel<\/strong>: Per applicazioni PHP eleganti e potenti.<\/li><li><strong>Django<\/strong>: Per applicazioni web Python sicure e scalabili.<\/li><\/ul>\t\t\t\t\t\t<\/div>\n\t\t\t\t<\/div>\n\t\t\t\t<div class=\"elementor-element elementor-element-c1dec26 elementor-widget elementor-widget-text-editor\" data-id=\"c1dec26\" data-element_type=\"widget\" data-widget_type=\"text-editor.default\">\n\t\t\t\t<div class=\"elementor-widget-container\">\n\t\t\t\t\t\t\t<p><strong>Sistemi di gestione dei contenuti (CMS)<\/strong>:<\/p><ul><li><strong>WordPress<\/strong>: Per siti web flessibili e facili da gestire.<\/li><li><strong>Joomla<\/strong>: Per soluzioni CMS personalizzabili e scalabili.<\/li><li><strong>Drupal<\/strong>: Per siti web aziendali potenti e sicuri.<\/li><li><strong>Shopify<\/strong>: Per negozi di e-commerce scalabili e facili da usare.<\/li><li><strong>Magento<\/strong>: Per piattaforme di e-commerce robuste e ricche di funzionalit\u00e0.\u00a0<\/li><\/ul>\t\t\t\t\t\t<\/div>\n\t\t\t\t<\/div>\n\t\t\t\t<\/div>\n\t\t\t\t\t<\/div>\n\t\t\t\t<\/div>\n\t\t\t\t\t<\/div>\n\t\t\t\t<\/div>\n\t\t\t\t<\/div>","protected":false},"excerpt":{"rendered":"<p>Website and App Development Home Services Our Service Let&#8217;s Build Your Company&#8217;s Future At 226Lab, we\u2019re dedicated to building beautiful, clean, and user-friendly websites that excel across all devices, from desktops to mobile. Your website is a vital part of your business and digital marketing strategy, and our goal is to make it the best [&hellip;]<\/p>","protected":false},"author":1,"featured_media":0,"parent":0,"menu_order":0,"comment_status":"closed","ping_status":"closed","template":"elementor_header_footer","meta":{"om_disable_all_campaigns":false,"_monsterinsights_skip_tracking":false,"_monsterinsights_sitenote_active":false,"_monsterinsights_sitenote_note":"","_monsterinsights_sitenote_category":0,"footnotes":""},"class_list":["post-6241","page","type-page","status-publish","hentry"],"aioseo_notices":[],"_links":{"self":[{"href":"https:\/\/226lab.com\/it\/wp-json\/wp\/v2\/pages\/6241","targetHints":{"allow":["GET"]}}],"collection":[{"href":"https:\/\/226lab.com\/it\/wp-json\/wp\/v2\/pages"}],"about":[{"href":"https:\/\/226lab.com\/it\/wp-json\/wp\/v2\/types\/page"}],"author":[{"embeddable":true,"href":"https:\/\/226lab.com\/it\/wp-json\/wp\/v2\/users\/1"}],"replies":[{"embeddable":true,"href":"https:\/\/226lab.com\/it\/wp-json\/wp\/v2\/comments?post=6241"}],"version-history":[{"count":7,"href":"https:\/\/226lab.com\/it\/wp-json\/wp\/v2\/pages\/6241\/revisions"}],"predecessor-version":[{"id":7562,"href":"https:\/\/226lab.com\/it\/wp-json\/wp\/v2\/pages\/6241\/revisions\/7562"}],"wp:attachment":[{"href":"https:\/\/226lab.com\/it\/wp-json\/wp\/v2\/media?parent=6241"}],"curies":[{"name":"wp","href":"https:\/\/api.w.org\/{rel}","templated":true}]}}