{"id":6228,"date":"2024-11-03T16:37:09","date_gmt":"2024-11-03T16:37:09","guid":{"rendered":"https:\/\/226lab.com\/?page_id=6228"},"modified":"2024-11-03T16:47:02","modified_gmt":"2024-11-03T16:47:02","slug":"best-seo-strategy","status":"publish","type":"page","link":"https:\/\/226lab.com\/it\/migliore-strategia-seo","title":{"rendered":"Strategia SEO"},"content":{"rendered":"<div data-elementor-type=\"wp-page\" data-elementor-id=\"6228\" class=\"elementor elementor-6228\" data-elementor-post-type=\"page\">\n\t\t\t\t<div class=\"elementor-element elementor-element-4bb78ca4 e-flex e-con-boxed e-con e-parent\" data-id=\"4bb78ca4\" data-element_type=\"container\" data-settings=\"{&quot;background_background&quot;:&quot;classic&quot;}\">\n\t\t\t\t\t<div class=\"e-con-inner\">\n\t\t\t\t<div class=\"elementor-element elementor-element-233b5a14 elementor-invisible elementor-widget elementor-widget-heading\" data-id=\"233b5a14\" data-element_type=\"widget\" data-settings=\"{&quot;_animation&quot;:&quot;fadeIn&quot;}\" data-widget_type=\"heading.default\">\n\t\t\t\t<div class=\"elementor-widget-container\">\n\t\t\t<h2 class=\"elementor-heading-title elementor-size-default\">Strategia SEO<\/h2>\t\t<\/div>\n\t\t\t\t<\/div>\n\t\t\t\t<div class=\"elementor-element elementor-element-27909b1f elementor-icon-list--layout-inline elementor-align-center elementor-list-item-link-full_width elementor-invisible elementor-widget elementor-widget-icon-list\" data-id=\"27909b1f\" data-element_type=\"widget\" data-settings=\"{&quot;_animation&quot;:&quot;fadeIn&quot;,&quot;_animation_delay&quot;:200}\" data-widget_type=\"icon-list.default\">\n\t\t\t\t<div class=\"elementor-widget-container\">\n\t\t\t\t\t<ul class=\"elementor-icon-list-items elementor-inline-items\">\n\t\t\t\t\t\t\t<li class=\"elementor-icon-list-item elementor-inline-item\">\n\t\t\t\t\t\t\t\t\t\t\t<a href=\"#\">\n\n\t\t\t\t\t\t\t\t\t\t\t<span class=\"elementor-icon-list-text\">Home<\/span>\n\t\t\t\t\t\t\t\t\t\t\t<\/a>\n\t\t\t\t\t\t\t\t\t<\/li>\n\t\t\t\t\t\t\t\t<li class=\"elementor-icon-list-item elementor-inline-item\">\n\t\t\t\t\t\t\t\t\t\t\t<span class=\"elementor-icon-list-icon\">\n\t\t\t\t\t\t\t<i aria-hidden=\"true\" class=\"icon icon-right-arrow\"><\/i>\t\t\t\t\t\t<\/span>\n\t\t\t\t\t\t\t\t\t\t<span class=\"elementor-icon-list-text\">Servizi<\/span>\n\t\t\t\t\t\t\t\t\t<\/li>\n\t\t\t\t\t\t<\/ul>\n\t\t\t\t<\/div>\n\t\t\t\t<\/div>\n\t\t<div class=\"elementor-element elementor-element-2d771f62 e-con-full e-flex elementor-invisible e-con e-child\" data-id=\"2d771f62\" data-element_type=\"container\" data-settings=\"{&quot;background_background&quot;:&quot;classic&quot;,&quot;animation&quot;:&quot;fadeIn&quot;,&quot;animation_delay&quot;:400}\">\n\t\t\t\t<div class=\"elementor-element elementor-element-701b645d elementor-widget-divider--view-line elementor-widget elementor-widget-divider\" data-id=\"701b645d\" data-element_type=\"widget\" data-widget_type=\"divider.default\">\n\t\t\t\t<div class=\"elementor-widget-container\">\n\t\t\t\t\t<div class=\"elementor-divider\">\n\t\t\t<span class=\"elementor-divider-separator\">\n\t\t\t\t\t\t<\/span>\n\t\t<\/div>\n\t\t\t\t<\/div>\n\t\t\t\t<\/div>\n\t\t\t\t<\/div>\n\t\t\t\t\t<\/div>\n\t\t\t\t<\/div>\n\t\t<div class=\"elementor-element elementor-element-74581adf e-flex e-con-boxed e-con e-parent\" data-id=\"74581adf\" data-element_type=\"container\">\n\t\t\t\t\t<div class=\"e-con-inner\">\n\t\t<div class=\"elementor-element elementor-element-4d23da7 e-flex e-con-boxed e-con e-child\" data-id=\"4d23da7\" data-element_type=\"container\">\n\t\t\t\t\t<div class=\"e-con-inner\">\n\t\t\t\t<div class=\"elementor-element elementor-element-5679b4f4 elementor-widget__width-inherit elementor-invisible elementor-widget elementor-widget-text-editor\" data-id=\"5679b4f4\" data-element_type=\"widget\" data-settings=\"{&quot;_animation&quot;:&quot;fadeIn&quot;}\" data-widget_type=\"text-editor.default\">\n\t\t\t\t<div class=\"elementor-widget-container\">\n\t\t\t\t\t\t\t<p>Il nostro servizio<\/p>\t\t\t\t\t\t<\/div>\n\t\t\t\t<\/div>\n\t\t\t\t<div class=\"elementor-element elementor-element-1ef0b058 elementor-invisible elementor-widget elementor-widget-heading\" data-id=\"1ef0b058\" data-element_type=\"widget\" data-settings=\"{&quot;_animation&quot;:&quot;fadeIn&quot;,&quot;_animation_delay&quot;:200}\" data-widget_type=\"heading.default\">\n\t\t\t\t<div class=\"elementor-widget-container\">\n\t\t\t<h2 class=\"elementor-heading-title elementor-size-default\">Sblocca una nuova visibilit\u00e0\n<\/h2>\t\t<\/div>\n\t\t\t\t<\/div>\n\t\t\t\t<div class=\"elementor-element elementor-element-6f3df189 elementor-invisible elementor-widget elementor-widget-text-editor\" data-id=\"6f3df189\" data-element_type=\"widget\" data-settings=\"{&quot;_animation&quot;:&quot;fadeIn&quot;,&quot;_animation_delay&quot;:400}\" data-widget_type=\"text-editor.default\">\n\t\t\t\t<div class=\"elementor-widget-container\">\n\t\t\t\t\t\t\t<p>Potenzia la presenza online del tuo sito web con una strategia SEO potente e mirata ai risultati. Il nostro <strong>Servizio di strategia SEO<\/strong> \u00e8 stato creato per aiutare le aziende ad attirare pi\u00f9 clienti attraverso una maggiore visibilit\u00e0 sui motori di ricerca.<\/p><p>Utilizzando tecniche SEO avanzate, ci assicuriamo che il tuo sito web sia facilmente individuabile quando i clienti cercano prodotti o servizi come il tuo. Dalla ricerca approfondita delle parole chiave alla creazione di backlink di alta qualit\u00e0, forniamo tutto ci\u00f2 che serve per aiutare la tua azienda a raggiungere i primi posti in classifica e a ottenere un forte vantaggio competitivo.<\/p><p>Contattateci per scoprire come il nostro servizio di strategia SEO pu\u00f2 ampliare la vostra portata online e ottenere risultati concreti.<\/p>\t\t\t\t\t\t<\/div>\n\t\t\t\t<\/div>\n\t\t\t\t\t<\/div>\n\t\t\t\t<\/div>\n\t\t<div class=\"elementor-element elementor-element-3712ec46 e-flex e-con-boxed e-con e-child\" data-id=\"3712ec46\" data-element_type=\"container\">\n\t\t\t\t\t<div class=\"e-con-inner\">\n\t\t<div class=\"elementor-element elementor-element-7d1596b e-con-full e-flex elementor-invisible e-con e-child\" data-id=\"7d1596b\" data-element_type=\"container\" data-settings=\"{&quot;background_background&quot;:&quot;classic&quot;,&quot;animation&quot;:&quot;fadeIn&quot;}\">\n\t\t\t\t<div class=\"elementor-element elementor-element-ccc3244 elementor-widget elementor-widget-heading\" data-id=\"ccc3244\" data-element_type=\"widget\" data-widget_type=\"heading.default\">\n\t\t\t\t<div class=\"elementor-widget-container\">\n\t\t\t<h2 class=\"elementor-heading-title elementor-size-default\">I nostri servizi SEO completi<\/h2>\t\t<\/div>\n\t\t\t\t<\/div>\n\t\t\t\t<div class=\"elementor-element elementor-element-117a9247 elementor-widget elementor-widget-text-editor\" data-id=\"117a9247\" data-element_type=\"widget\" data-widget_type=\"text-editor.default\">\n\t\t\t\t<div class=\"elementor-widget-container\">\n\t\t\t\t\t\t\t<p>In qualit\u00e0 di agenzia di marketing digitale di alto livello, 226Lab offre una gamma completa di servizi SEO progettati per migliorare la visibilit\u00e0 e connetterti con pi\u00f9 clienti online. Ecco cosa offriamo:<\/p>\t\t\t\t\t\t<\/div>\n\t\t\t\t<\/div>\n\t\t<div class=\"elementor-element elementor-element-0badb3a e-con-full e-flex e-con e-child\" data-id=\"0badb3a\" data-element_type=\"container\">\n\t\t<div class=\"elementor-element elementor-element-7ee2754 e-grid e-con-full e-con e-child\" data-id=\"7ee2754\" data-element_type=\"container\">\n\t\t\t\t<div class=\"elementor-element elementor-element-99d4c8a elementor-vertical-align-top elementor-widget elementor-widget-icon-box\" data-id=\"99d4c8a\" data-element_type=\"widget\" data-widget_type=\"icon-box.default\">\n\t\t\t\t<div class=\"elementor-widget-container\">\n\t\t\t\t\t<div class=\"elementor-icon-box-wrapper\">\n\n\t\t\t\n\t\t\t\t\t\t<div class=\"elementor-icon-box-content\">\n\n\t\t\t\t\t\t\t\t\t<p class=\"elementor-icon-box-title\">\n\t\t\t\t\t\t<span  >\n\t\t\t\t\t\t\tRicerca di parole chiave:\t\t\t\t\t\t<\/span>\n\t\t\t\t\t<\/p>\n\t\t\t\t\n\t\t\t\t\t\t\t\t\t<p class=\"elementor-icon-box-description\">\n\t\t\t\t\t\tIdentificazione di parole chiave di alto valore che massimizzano la rilevanza e l'impatto della ricerca.\t\t\t\t\t<\/p>\n\t\t\t\t\n\t\t\t<\/div>\n\t\t\t\n\t\t<\/div>\n\t\t\t\t<\/div>\n\t\t\t\t<\/div>\n\t\t\t\t<div class=\"elementor-element elementor-element-d203bd5 elementor-vertical-align-top elementor-widget elementor-widget-icon-box\" data-id=\"d203bd5\" data-element_type=\"widget\" data-widget_type=\"icon-box.default\">\n\t\t\t\t<div class=\"elementor-widget-container\">\n\t\t\t\t\t<div class=\"elementor-icon-box-wrapper\">\n\n\t\t\t\n\t\t\t\t\t\t<div class=\"elementor-icon-box-content\">\n\n\t\t\t\t\t\t\t\t\t<p class=\"elementor-icon-box-title\">\n\t\t\t\t\t\t<span  >\n\t\t\t\t\t\t\tCreazione di contenuti:\t\t\t\t\t\t<\/span>\n\t\t\t\t\t<\/p>\n\t\t\t\t\n\t\t\t\t\t\t\t\t\t<p class=\"elementor-icon-box-description\">\n\t\t\t\t\t\tProdurre contenuti ottimizzati e coinvolgenti che attirino e fidelizzino il traffico qualificato.\t\t\t\t\t<\/p>\n\t\t\t\t\n\t\t\t<\/div>\n\t\t\t\n\t\t<\/div>\n\t\t\t\t<\/div>\n\t\t\t\t<\/div>\n\t\t\t\t<div class=\"elementor-element elementor-element-1719261 elementor-vertical-align-top elementor-widget elementor-widget-icon-box\" data-id=\"1719261\" data-element_type=\"widget\" data-widget_type=\"icon-box.default\">\n\t\t\t\t<div class=\"elementor-widget-container\">\n\t\t\t\t\t<div class=\"elementor-icon-box-wrapper\">\n\n\t\t\t\n\t\t\t\t\t\t<div class=\"elementor-icon-box-content\">\n\n\t\t\t\t\t\t\t\t\t<p class=\"elementor-icon-box-title\">\n\t\t\t\t\t\t<span  >\n\t\t\t\t\t\t\tOttimizzazione della pagina:\t\t\t\t\t\t<\/span>\n\t\t\t\t\t<\/p>\n\t\t\t\t\n\t\t\t\t\t\t\t\t\t<p class=\"elementor-icon-box-description\">\n\t\t\t\t\t\tMigliorare i contenuti, la struttura e il design del sito web per migliorare l'attrazione dei motori di ricerca e l'esperienza dell'utente.\t\t\t\t\t<\/p>\n\t\t\t\t\n\t\t\t<\/div>\n\t\t\t\n\t\t<\/div>\n\t\t\t\t<\/div>\n\t\t\t\t<\/div>\n\t\t\t\t<div class=\"elementor-element elementor-element-82e789b elementor-vertical-align-top elementor-widget elementor-widget-icon-box\" data-id=\"82e789b\" data-element_type=\"widget\" data-widget_type=\"icon-box.default\">\n\t\t\t\t<div class=\"elementor-widget-container\">\n\t\t\t\t\t<div class=\"elementor-icon-box-wrapper\">\n\n\t\t\t\n\t\t\t\t\t\t<div class=\"elementor-icon-box-content\">\n\n\t\t\t\t\t\t\t\t\t<p class=\"elementor-icon-box-title\">\n\t\t\t\t\t\t<span  >\n\t\t\t\t\t\t\tOttimizzazione off-page: \t\t\t\t\t\t<\/span>\n\t\t\t\t\t<\/p>\n\t\t\t\t\n\t\t\t\t\t\t\t\t\t<p class=\"elementor-icon-box-description\">\n\t\t\t\t\t\tCreare backlink di qualit\u00e0 da siti affidabili per aumentare le classifiche di ricerca e la credibilit\u00e0.\t\t\t\t\t<\/p>\n\t\t\t\t\n\t\t\t<\/div>\n\t\t\t\n\t\t<\/div>\n\t\t\t\t<\/div>\n\t\t\t\t<\/div>\n\t\t\t\t<div class=\"elementor-element elementor-element-9092e79 elementor-vertical-align-top elementor-widget elementor-widget-icon-box\" data-id=\"9092e79\" data-element_type=\"widget\" data-widget_type=\"icon-box.default\">\n\t\t\t\t<div class=\"elementor-widget-container\">\n\t\t\t\t\t<div class=\"elementor-icon-box-wrapper\">\n\n\t\t\t\n\t\t\t\t\t\t<div class=\"elementor-icon-box-content\">\n\n\t\t\t\t\t\t\t\t\t<p class=\"elementor-icon-box-title\">\n\t\t\t\t\t\t<span  >\n\t\t\t\t\t\t\tSEO tecnico:\t\t\t\t\t\t<\/span>\n\t\t\t\t\t<\/p>\n\t\t\t\t\n\t\t\t\t\t\t\t\t\t<p class=\"elementor-icon-box-description\">\n\t\t\t\t\t\tRisolvere i problemi tecnici e implementare le migliori pratiche SEO per ottenere prestazioni ottimali sulla base degli ultimi aggiornamenti degli algoritmi.\t\t\t\t\t<\/p>\n\t\t\t\t\n\t\t\t<\/div>\n\t\t\t\n\t\t<\/div>\n\t\t\t\t<\/div>\n\t\t\t\t<\/div>\n\t\t\t\t<div class=\"elementor-element elementor-element-210af75 elementor-vertical-align-top elementor-widget elementor-widget-icon-box\" data-id=\"210af75\" data-element_type=\"widget\" data-widget_type=\"icon-box.default\">\n\t\t\t\t<div class=\"elementor-widget-container\">\n\t\t\t\t\t<div class=\"elementor-icon-box-wrapper\">\n\n\t\t\t\n\t\t\t\t\t\t<div class=\"elementor-icon-box-content\">\n\n\t\t\t\t\t\t\t\t\t<p class=\"elementor-icon-box-title\">\n\t\t\t\t\t\t<span  >\n\t\t\t\t\t\t\tSEO locale:\t\t\t\t\t\t<\/span>\n\t\t\t\t\t<\/p>\n\t\t\t\t\n\t\t\t\t\t\t\t\t\t<p class=\"elementor-icon-box-description\">\n\t\t\t\t\t\tMigliorare la visibilit\u00e0 nelle ricerche locali, mettendo in contatto le aziende con i clienti pi\u00f9 vicini.\t\t\t\t\t<\/p>\n\t\t\t\t\n\t\t\t<\/div>\n\t\t\t\n\t\t<\/div>\n\t\t\t\t<\/div>\n\t\t\t\t<\/div>\n\t\t\t\t<\/div>\n\t\t\t\t<\/div>\n\t\t\t\t<\/div>\n\t\t\t\t<div class=\"elementor-element elementor-element-6355b5e elementor-invisible elementor-widget elementor-widget-heading\" data-id=\"6355b5e\" data-element_type=\"widget\" data-settings=\"{&quot;_animation&quot;:&quot;fadeIn&quot;}\" data-widget_type=\"heading.default\">\n\t\t\t\t<div class=\"elementor-widget-container\">\n\t\t\t<h3 class=\"elementor-heading-title elementor-size-default\">Perch\u00e9 scegliere 226Lab per la SEO?\n<\/h3>\t\t<\/div>\n\t\t\t\t<\/div>\n\t\t\t\t<div class=\"elementor-element elementor-element-6ba5fad1 elementor-invisible elementor-widget elementor-widget-text-editor\" data-id=\"6ba5fad1\" data-element_type=\"widget\" data-settings=\"{&quot;_animation&quot;:&quot;fadeIn&quot;}\" data-widget_type=\"text-editor.default\">\n\t\t\t\t<div class=\"elementor-widget-container\">\n\t\t\t\t\t\t\t<p>Noi di 226Lab adottiamo un approccio alla SEO personalizzato e orientato ai risultati. Ecco cosa ci distingue:<\/p><ul><li><strong>Strategia basata sui dati<\/strong>: Le nostre decisioni si basano su dati e approfondimenti in tempo reale, garantendo che ogni tattica SEO abbia un impatto misurabile.<\/li><li><strong>Team SEO dedicato<\/strong>: I nostri esperti sono sempre aggiornati sulle ultime tendenze SEO e sulle modifiche agli algoritmi per mantenere il tuo sito ottimizzato e competitivo.<\/li><li><strong>Rendicontazione trasparente<\/strong>: Forniamo regolarmente rapporti chiari sulle prestazioni SEO, in modo che tu possa sempre conoscere il valore del tuo investimento.<\/li><\/ul><p>\u00a0<\/p>\t\t\t\t\t\t<\/div>\n\t\t\t\t<\/div>\n\t\t\t\t<div class=\"elementor-element elementor-element-589b637 elementor-invisible elementor-widget elementor-widget-heading\" data-id=\"589b637\" data-element_type=\"widget\" data-settings=\"{&quot;_animation&quot;:&quot;fadeIn&quot;}\" data-widget_type=\"heading.default\">\n\t\t\t\t<div class=\"elementor-widget-container\">\n\t\t\t<h3 class=\"elementor-heading-title elementor-size-default\">Il nostro processo SEO\n<\/h3>\t\t<\/div>\n\t\t\t\t<\/div>\n\t\t\t\t<div class=\"elementor-element elementor-element-61ec5bd elementor-invisible elementor-widget elementor-widget-text-editor\" data-id=\"61ec5bd\" data-element_type=\"widget\" data-settings=\"{&quot;_animation&quot;:&quot;fadeIn&quot;}\" data-widget_type=\"text-editor.default\">\n\t\t\t\t<div class=\"elementor-widget-container\">\n\t\t\t\t\t\t\t<ol><li><p><strong>Audit SEO<\/strong><br \/>Iniziamo con un audit approfondito del tuo sito web attuale per identificare i punti di forza, le debolezze e le opportunit\u00e0 di miglioramento. Questo include la valutazione della struttura del sito, dei contenuti, dei backlink e dei problemi tecnici.<\/p><\/li><li><p><strong>Analisi dei concorrenti<\/strong><br \/>Analizziamo le strategie SEO dei tuoi concorrenti per capire cosa funziona nel tuo settore e trovare il modo di dare al tuo sito un vantaggio competitivo.<\/p><\/li><li><p><strong>Definizione degli obiettivi e pianificazione della strategia<\/strong><br \/>Sulla base degli obiettivi aziendali, stabiliamo obiettivi chiari e delineiamo un piano SEO con tappe raggiungibili.<\/p><\/li><li><p><strong>Attuazione e monitoraggio<\/strong><br \/>Il nostro team implementa la strategia SEO monitorando continuamente le prestazioni per apportare modifiche in tempo reale per ottenere risultati ottimali.<\/p><\/li><\/ol>\t\t\t\t\t\t<\/div>\n\t\t\t\t<\/div>\n\t\t\t\t\t<\/div>\n\t\t\t\t<\/div>\n\t\t\t\t\t<\/div>\n\t\t\t\t<\/div>\n\t\t\t\t<\/div>","protected":false},"excerpt":{"rendered":"<p>Strategia SEO Home Servizi Il nostro servizio Sbloccare una nuova visibilit\u00e0 Aumentate la presenza online del vostro sito web con una potente strategia SEO fatta su misura per ottenere risultati. Il nostro servizio di strategia SEO \u00e8 stato creato per aiutare le aziende ad attrarre pi\u00f9 clienti attraverso una maggiore visibilit\u00e0 sui motori di ricerca. Utilizzando tecniche SEO avanzate, ci assicuriamo che il vostro sito web sia facilmente individuabile quando i clienti cercano [...]<\/p>","protected":false},"author":1,"featured_media":0,"parent":0,"menu_order":0,"comment_status":"closed","ping_status":"closed","template":"elementor_header_footer","meta":{"om_disable_all_campaigns":false,"_monsterinsights_skip_tracking":false,"_monsterinsights_sitenote_active":false,"_monsterinsights_sitenote_note":"","_monsterinsights_sitenote_category":0,"footnotes":""},"class_list":["post-6228","page","type-page","status-publish","hentry"],"aioseo_notices":[],"_links":{"self":[{"href":"https:\/\/226lab.com\/it\/wp-json\/wp\/v2\/pages\/6228","targetHints":{"allow":["GET"]}}],"collection":[{"href":"https:\/\/226lab.com\/it\/wp-json\/wp\/v2\/pages"}],"about":[{"href":"https:\/\/226lab.com\/it\/wp-json\/wp\/v2\/types\/page"}],"author":[{"embeddable":true,"href":"https:\/\/226lab.com\/it\/wp-json\/wp\/v2\/users\/1"}],"replies":[{"embeddable":true,"href":"https:\/\/226lab.com\/it\/wp-json\/wp\/v2\/comments?post=6228"}],"version-history":[{"count":10,"href":"https:\/\/226lab.com\/it\/wp-json\/wp\/v2\/pages\/6228\/revisions"}],"predecessor-version":[{"id":6240,"href":"https:\/\/226lab.com\/it\/wp-json\/wp\/v2\/pages\/6228\/revisions\/6240"}],"wp:attachment":[{"href":"https:\/\/226lab.com\/it\/wp-json\/wp\/v2\/media?parent=6228"}],"curies":[{"name":"wp","href":"https:\/\/api.w.org\/{rel}","templated":true}]}}